{"id":241,"date":"2021-04-30T17:41:56","date_gmt":"2021-04-30T17:41:56","guid":{"rendered":"https:\/\/preview.treethemes.com\/hazel\/demo4\/?page_id=241"},"modified":"2024-10-16T12:12:49","modified_gmt":"2024-10-16T12:12:49","slug":"about","status":"publish","type":"page","link":"https:\/\/stedan.net\/index.php\/about\/","title":{"rendered":"Agenzia"},"content":{"rendered":"<div class=\"wpb-content-wrapper\"><p>[vc_row css=&#8221;.vc_custom_1481576227367{margin-top: 120px !important;margin-bottom: 60px !important;}&#8221;][vc_column css_animation=&#8221;fadeInUp&#8221;]<div id=\"ultimate-heading-797969f61b3b75d1c\" class=\"uvc-heading ult-adjust-bottom-margin ultimate-heading-797969f61b3b75d1c uvc-8537 \" data-hspacer=\"line_only\"  data-halign=\"center\" style=\"text-align:center\"><div class=\"uvc-heading-spacer line_only\" style=\"margin-bottom:40px;height:40px;\"><span class=\"uvc-headings-line\" style=\"border-style:solid;border-bottom-width:40px;border-color:#ccc;width:1px;\"><\/span><\/div><\/div>[vc_custom_heading text=&#8221;STEDAN | CREATIVE FACTORY&#8221; font_container=&#8221;tag:h6|text_align:center&#8221; use_theme_fonts=&#8221;yes&#8221;][vc_custom_heading text=&#8221;L&#8217;AGENZIA&#8221; font_container=&#8221;tag:h2|font_size:50px|text_align:center&#8221; use_theme_fonts=&#8221;yes&#8221;][vc_empty_space height=&#8221;20px&#8221;][vc_row_inner][vc_column_inner width=&#8221;1\/6&#8243;][\/vc_column_inner][vc_column_inner width=&#8221;2\/3&#8243;][vc_column_text css_animation=&#8221;fadeIn&#8221;]<\/p>\n<p style=\"text-align: center;\">Siamo prima di tutto uno studio grafico e di pubblicit\u00e0.<br \/>\nIl nostro gruppo di lavoro \u00e8 composto per lo pi\u00f9 da giovani che per\u00f2 possono gi\u00e0 vantare una esperienza ultradecennale nel settore. La nostra sfida \u00e8 quella di offrire un\u2019azienda di comunicazione e pubblicit\u00e0 in grado di<br \/>\nsoddisfare ogni esigenza del cliente finale; per fare questo abbiamo creato un vero e proprio net work dove si incrociano diversi collaboratori che rappresentano il meglio nei rispettivi campi: dal grafico, al fotografo, al tecnico informatico, al designer d\u2019interni, all\u2019artigiano, al creative writer, tutto quello che serve per uno prodotto unico. Realizziamo progetti grafici e stampa su qualunque materiale, dalla semplice brochure al grande formato, dalle insegne pubblicitarie alla completa realizzazione di stand espositivi e negozi, dal semplice sito web al pi\u00f9 articolato strumento di e-commerce e shop on-line.<\/p>\n<p>[\/vc_column_text][\/vc_column_inner][vc_column_inner width=&#8221;1\/6&#8243;][\/vc_column_inner][\/vc_row_inner][\/vc_column][\/vc_row][vc_row full_width=&#8221;stretch_row_content_no_spaces&#8221; el_id=&#8221;clienti&#8221;][vc_column]<div id=\"ultimate-heading-696569f61b3b75d45\" class=\"uvc-heading ult-adjust-bottom-margin ultimate-heading-696569f61b3b75d45 uvc-3000 \" data-hspacer=\"line_only\"  data-halign=\"center\" style=\"text-align:center\"><div class=\"uvc-heading-spacer line_only\" style=\"margin-bottom:40px;height:40px;\"><span class=\"uvc-headings-line\" style=\"border-style:solid;border-bottom-width:40px;border-color:#ccc;width:1px;\"><\/span><\/div><div class=\"uvc-main-heading ult-responsive\"  data-ultimate-target='.uvc-heading.ultimate-heading-696569f61b3b75d45 h2'  data-responsive-json-new='{\"font-size\":\"\",\"line-height\":\"\"}' ><h2 style=\"font-weight:normal;\">ALCUNI DEI NOSTRI CLIENTI<\/h2><\/div><\/div>[vc_empty_space el_id=&#8221;clienti&#8221;]<div id=\"ult-carousel-103874813869f61b3b75e5b\" class=\"ult-carousel-wrapper   ult_horizontal\" data-gutter=\"15\" data-rtl=\"false\" ><div class=\"ult-carousel-427899743569f61b3b75d92 \" >[vc_single_image image=&#8221;27&#8243; img_size=&#8221;200&#215;200&#8243; css_animation=&#8221;none&#8221;][vc_single_image image=&#8221;24&#8243; img_size=&#8221;200&#215;200&#8243; onclick=&#8221;custom_link&#8221; img_link_target=&#8221;_blank&#8221; link=&#8221;https:\/\/it-it.facebook.com\/testeelische\/&#8221;][vc_single_image image=&#8221;26&#8243; img_size=&#8221;200&#215;200&#8243; onclick=&#8221;custom_link&#8221; img_link_target=&#8221;_blank&#8221; link=&#8221;https:\/\/franchiniyachts.com\/&#8221;][vc_single_image image=&#8221;731&#8243; img_size=&#8221;200&#215;200&#8243; onclick=&#8221;custom_link&#8221; img_link_target=&#8221;_blank&#8221; link=&#8221;https:\/\/www.cfwood.it\/&#8221;][vc_single_image image=&#8221;25&#8243; img_size=&#8221;150&#215;150&#8243;][vc_single_image image=&#8221;735&#8243; img_size=&#8221;200&#215;200&#8243;][vc_single_image image=&#8221;23&#8243; img_size=&#8221;200&#215;200&#8243; onclick=&#8221;custom_link&#8221; img_link_target=&#8221;_blank&#8221; link=&#8221;https:\/\/www.sosyachting.com\/&#8221;][vc_single_image image=&#8221;736&#8243; img_size=&#8221;200&#215;200&#8243; onclick=&#8221;custom_link&#8221; img_link_target=&#8221;_blank&#8221; link=&#8221;https:\/\/www.gifas.it\/&#8221;][vc_single_image image=&#8221;19&#8243; img_size=&#8221;200&#215;200&#8243; onclick=&#8221;custom_link&#8221; link=&#8221;https:\/\/www.facebook.com\/ristorantepangrattato\/&#8221;][vc_single_image image=&#8221;18&#8243; img_size=&#8221;200&#215;200&#8243; onclick=&#8221;custom_link&#8221; img_link_target=&#8221;_blank&#8221; link=&#8221;https:\/\/www.facebook.com\/ristorantelapia\/&#8221;][vc_single_image image=&#8221;734&#8243; img_size=&#8221;200&#215;200&#8243; onclick=&#8221;custom_link&#8221; img_link_target=&#8221;_blank&#8221; link=&#8221;https:\/\/www.visuitesviareggio.it\/&#8221;][vc_single_image image=&#8221;13&#8243; img_size=&#8221;200&#215;200&#8243; onclick=&#8221;custom_link&#8221; img_link_target=&#8221;_blank&#8221; link=&#8221;https:\/\/www.realteak.it\/&#8221;][vc_single_image image=&#8221;741&#8243; img_size=&#8221;200&#215;200&#8243;][vc_single_image image=&#8221;10&#8243; img_size=&#8221;200&#215;200&#8243; onclick=&#8221;custom_link&#8221; img_link_target=&#8221;_blank&#8221; link=&#8221;https:\/\/www.adrianobaldini.it\/&#8221;][vc_single_image image=&#8221;733&#8243; img_size=&#8221;200&#215;200&#8243; onclick=&#8221;custom_link&#8221; img_link_target=&#8221;_blank&#8221; link=&#8221;https:\/\/studioastrea.it\/&#8221;][vc_single_image image=&#8221;11&#8243; img_size=&#8221;200&#215;200&#8243; onclick=&#8221;custom_link&#8221; img_link_target=&#8221;_blank&#8221; link=&#8221;https:\/\/www.idealyacht.it\/&#8221;][vc_single_image image=&#8221;740&#8243; img_size=&#8221;200&#215;200&#8243; onclick=&#8221;custom_link&#8221; img_link_target=&#8221;_blank&#8221; link=&#8221;https:\/\/www.garage65.it\/&#8221;]<\/div><\/div>\t\t\t<script type=\"text\/javascript\">\n\t\t\t\tjQuery(document).ready(function ($) {\n\t\t\t\t\tif( typeof jQuery('.ult-carousel-427899743569f61b3b75d92').slick == \"function\"){\n\t\t\t\t\t\t$('.ult-carousel-427899743569f61b3b75d92').slick({dots: true,autoplay: true,autoplaySpeed: \"5000\",speed: \"300\",infinite: true,arrows: true,nextArrow: '<button type=\"button\" role=\"button\" aria-label=\"Next\" style=\"color:#f39200; font-size:20px;\" class=\"slick-next default\"><i class=\"ultsl-arrow-right4\"><\/i><\/button>',prevArrow: '<button type=\"button\" role=\"button\" aria-label=\"Previous\" style=\"color:#f39200; font-size:20px;\" class=\"slick-prev default\"><i class=\"ultsl-arrow-left4\"><\/i><\/button>',slidesToScroll:7,slidesToShow:7,swipe: true,draggable: true,touchMove: true,pauseOnHover: true,pauseOnFocus: false,centerMode: true,adaptiveHeight: true,responsive: [\n\t\t\t\t\t\t\t{\n\t\t\t\t\t\t\t  breakpoint: 1026,\n\t\t\t\t\t\t\t  settings: {\n\t\t\t\t\t\t\t\tslidesToShow: 7,\n\t\t\t\t\t\t\t\tslidesToScroll: 7,  \n\t\t\t\t\t\t\t  }\n\t\t\t\t\t\t\t},\n\t\t\t\t\t\t\t{\n\t\t\t\t\t\t\t  breakpoint: 1025,\n\t\t\t\t\t\t\t  settings: {\n\t\t\t\t\t\t\t\tslidesToShow: 3,\n\t\t\t\t\t\t\t\tslidesToScroll: 3\n\t\t\t\t\t\t\t  }\n\t\t\t\t\t\t\t},\n\t\t\t\t\t\t\t{\n\t\t\t\t\t\t\t  breakpoint: 760,\n\t\t\t\t\t\t\t  settings: {\n\t\t\t\t\t\t\t\tslidesToShow: 2,\n\t\t\t\t\t\t\t\tslidesToScroll: 2\n\t\t\t\t\t\t\t  }\n\t\t\t\t\t\t\t}\n\t\t\t\t\t\t],pauseOnDotsHover: true,customPaging: function(slider, i) {\n                   return '<i type=\"button\" style= \"color:#e5e5e5;\" class=\"ultsl-radio-unchecked\" data-role=\"none\"><\/i>';\n                },});\n\t\t\t\t\t}\n\t\t\t\t});\n\t\t\t<\/script>\n\t\t\t[\/vc_column][\/vc_row]<\/p>\n<\/div>","protected":false},"excerpt":{"rendered":"<p>[vc_row css=&#8221;.vc_custom_1481576227367{margin-top: 120px !important;margin-bottom: 60px !important;}&#8221;][vc_column css_animation=&#8221;fadeInUp&#8221;][vc_custom_heading text=&#8221;STEDAN | CREATIVE FACTORY&#8221; font_container=&#8221;tag:h6|text_align:center&#8221; use_theme_fonts=&#8221;yes&#8221;][vc_custom_heading text=&#8221;L&#8217;AGENZIA&#8221; font_container=&#8221;tag:h2|font_size:50px|text_align:center&#8221; use_theme_fonts=&#8221;yes&#8221;][vc_empty_space height=&#8221;20px&#8221;][vc_row_inner][vc_column_inner width=&#8221;1\/6&#8243;][\/vc_column_inner][vc_column_inner width=&#8221;2\/3&#8243;][vc_column_text css_animation=&#8221;fadeIn&#8221;] Siamo prima di tutto uno studio grafico e di pubblicit\u00e0. Il nostro gruppo di lavoro \u00e8 composto per lo pi\u00f9 da giovani che per\u00f2 possono gi\u00e0 vantare una esperienza ultradecennale nel settore. La nostra sfida [&hellip;]<\/p>\n","protected":false},"author":1,"featured_media":0,"parent":0,"menu_order":0,"comment_status":"closed","ping_status":"closed","template":"one-page-template.php","meta":{"footnotes":""},"class_list":["post-241","page","type-page","status-publish","hentry"],"_links":{"self":[{"href":"https:\/\/stedan.net\/index.php\/wp-json\/wp\/v2\/pages\/241","targetHints":{"allow":["GET"]}}],"collection":[{"href":"https:\/\/stedan.net\/index.php\/wp-json\/wp\/v2\/pages"}],"about":[{"href":"https:\/\/stedan.net\/index.php\/wp-json\/wp\/v2\/types\/page"}],"author":[{"embeddable":true,"href":"https:\/\/stedan.net\/index.php\/wp-json\/wp\/v2\/users\/1"}],"replies":[{"embeddable":true,"href":"https:\/\/stedan.net\/index.php\/wp-json\/wp\/v2\/comments?post=241"}],"version-history":[{"count":61,"href":"https:\/\/stedan.net\/index.php\/wp-json\/wp\/v2\/pages\/241\/revisions"}],"predecessor-version":[{"id":794,"href":"https:\/\/stedan.net\/index.php\/wp-json\/wp\/v2\/pages\/241\/revisions\/794"}],"wp:attachment":[{"href":"https:\/\/stedan.net\/index.php\/wp-json\/wp\/v2\/media?parent=241"}],"curies":[{"name":"wp","href":"https:\/\/api.w.org\/{rel}","templated":true}]}}